{"id":5779,"date":"2023-07-28T14:38:28","date_gmt":"2023-07-28T14:38:28","guid":{"rendered":"https:\/\/sofiabernasconi.com\/?page_id=5779"},"modified":"2023-08-04T17:00:33","modified_gmt":"2023-08-04T17:00:33","slug":"cablerio-cuerpos-perifericos","status":"publish","type":"page","link":"https:\/\/sofiabernasconi.com\/en\/cablerio-cuerpos-perifericos\/","title":{"rendered":"CABLING, PERIPHERAL BODIES."},"content":{"rendered":"<div data-elementor-type=\"wp-page\" data-elementor-id=\"5779\" class=\"elementor elementor-5779\">\n\t\t\t\t\t\t\t\t\t<section class=\"elementor-section elementor-top-section elementor-element elementor-element-a102eb0 elementor-section-height-min-height elementor-section-boxed elementor-section-height-default elementor-section-items-middle\" data-id=\"a102eb0\" data-element_type=\"section\">\n\t\t\t\t\t\t<div class=\"elementor-container elementor-column-gap-default\">\n\t\t\t\t\t<div class=\"elementor-column elementor-col-100 elementor-top-column elementor-element elementor-element-4bda2ac\" data-id=\"4bda2ac\" data-element_type=\"column\">\n\t\t\t<div class=\"elementor-widget-wrap elementor-element-populated\">\n\t\t\t\t\t\t\t\t<section class=\"elementor-section elementor-inner-section elementor-element elementor-element-0b1a40e elementor-section-boxed elementor-section-height-default elementor-section-height-default\" data-id=\"0b1a40e\" data-element_type=\"section\">\n\t\t\t\t\t\t<div class=\"elementor-container elementor-column-gap-default\">\n\t\t\t\t\t<div class=\"elementor-column elementor-col-50 elementor-inner-column elementor-element elementor-element-4ad7edd\" data-id=\"4ad7edd\" data-element_type=\"column\">\n\t\t\t<div class=\"elementor-widget-wrap elementor-element-populated\">\n\t\t\t\t\t\t\t\t<div class=\"elementor-element elementor-element-42239ef elementor-widget elementor-widget-image\" data-id=\"42239ef\" data-element_type=\"widget\" data-widget_type=\"image.default\">\n\t\t\t\t<div class=\"elementor-widget-container\">\n\t\t\t<style>\/*! elementor - v3.15.0 - 31-07-2023 *\/\n.elementor-widget-image{text-align:center}.elementor-widget-image a{display:inline-block}.elementor-widget-image a img[src$=\".svg\"]{width:48px}.elementor-widget-image img{vertical-align:middle;display:inline-block}<\/style>\t\t\t\t\t\t\t\t\t\t\t\t<img loading=\"lazy\" decoding=\"async\" width=\"1024\" height=\"683\" src=\"https:\/\/sofiabernasconi.com\/wp-content\/uploads\/2023\/07\/1-2-1024x683.jpg\" class=\"attachment-large size-large wp-image-5798\" alt=\"\" srcset=\"https:\/\/sofiabernasconi.com\/wp-content\/uploads\/2023\/07\/1-2-1024x683.jpg 1024w, https:\/\/sofiabernasconi.com\/wp-content\/uploads\/2023\/07\/1-2-300x200.jpg 300w, https:\/\/sofiabernasconi.com\/wp-content\/uploads\/2023\/07\/1-2-768x512.jpg 768w, https:\/\/sofiabernasconi.com\/wp-content\/uploads\/2023\/07\/1-2-1536x1024.jpg 1536w, https:\/\/sofiabernasconi.com\/wp-content\/uploads\/2023\/07\/1-2-2048x1365.jpg 2048w\" sizes=\"auto, (max-width: 1024px) 100vw, 1024px\" \/>\t\t\t\t\t\t\t\t\t\t\t\t\t\t\t<\/div>\n\t\t\t\t<\/div>\n\t\t\t\t\t<\/div>\n\t\t<\/div>\n\t\t\t\t<div class=\"elementor-column elementor-col-50 elementor-inner-column elementor-element elementor-element-a9e3c8a\" data-id=\"a9e3c8a\" data-element_type=\"column\">\n\t\t\t<div class=\"elementor-widget-wrap elementor-element-populated\">\n\t\t\t\t\t\t\t\t\t<\/div>\n\t\t<\/div>\n\t\t\t\t\t\t\t<\/div>\n\t\t<\/section>\n\t\t\t\t<div class=\"elementor-element elementor-element-ab16a66 elementor-widget__width-initial elementor-widget-mobile__width-initial elementor-widget elementor-widget-text-editor\" data-id=\"ab16a66\" data-element_type=\"widget\" data-widget_type=\"text-editor.default\">\n\t\t\t\t<div class=\"elementor-widget-container\">\n\t\t\t<style>\/*! elementor - v3.15.0 - 31-07-2023 *\/\n.elementor-widget-text-editor.elementor-drop-cap-view-stacked .elementor-drop-cap{background-color:#69727d;color:#fff}.elementor-widget-text-editor.elementor-drop-cap-view-framed .elementor-drop-cap{color:#69727d;border:3px solid;background-color:transparent}.elementor-widget-text-editor:not(.elementor-drop-cap-view-default) .elementor-drop-cap{margin-top:8px}.elementor-widget-text-editor:not(.elementor-drop-cap-view-default) .elementor-drop-cap-letter{width:1em;height:1em}.elementor-widget-text-editor .elementor-drop-cap{float:left;text-align:center;line-height:1;font-size:50px}.elementor-widget-text-editor .elementor-drop-cap-letter{display:inline-block}<\/style>\t\t\t\t<p>\"Cabler\u00edo, cuerpos perif\u00e9ricos\" (\"Cabling, peripheral bodies\" in english) is a group exhibition that brings together works by different artists and collectives that reflect on body and technology from a hybrid perspective, addressing cyborg and transhumanist concepts.<br \/>The exhibition includes installations, performance, video dance, video installations and graphic material by the exhibitors <strong>Mart\u00edn Rivas, Plataforma M\u00ednima, Lokas Juanas <\/strong>and<strong> Cvxillo.<\/strong><br \/>During April and May 2023, Cabler\u00edo was exhibited in <a href=\"https:\/\/www.instagram.com\/galeria_aura\/\" target=\"_blank\" rel=\"noopener\"><strong>Galer\u00eda Aura<\/strong><\/a>, located at Ongolmo 42, Concepci\u00f3n, Chile.<br \/>For the occasion, mediation activities were developed to bring art closer to the community and generate opportunities for participation and reflection on the concepts presented.<\/p><p>The exhibition was curated and coordinated by<b> Sof\u00eda Bernasconi <\/b>for <b><a href=\"https:\/\/www.instagram.com\/galeria_aura\/\" target=\"_blank\" rel=\"noopener\">Galer\u00eda Aura<\/a>.\u00a0<\/b><\/p>\t\t\t\t\t\t<\/div>\n\t\t\t\t<\/div>\n\t\t\t\t<div class=\"elementor-element elementor-element-149c6cf elementor-widget__width-initial elementor-widget elementor-widget-heading\" data-id=\"149c6cf\" data-element_type=\"widget\" data-widget_type=\"heading.default\">\n\t\t\t\t<div class=\"elementor-widget-container\">\n\t\t\t<style>\/*! elementor - v3.15.0 - 31-07-2023 *\/\n.elementor-heading-title{padding:0;margin:0;line-height:1}.elementor-widget-heading .elementor-heading-title[class*=elementor-size-]>a{color:inherit;font-size:inherit;line-height:inherit}.elementor-widget-heading .elementor-heading-title.elementor-size-small{font-size:15px}.elementor-widget-heading .elementor-heading-title.elementor-size-medium{font-size:19px}.elementor-widget-heading .elementor-heading-title.elementor-size-large{font-size:29px}.elementor-widget-heading .elementor-heading-title.elementor-size-xl{font-size:39px}.elementor-widget-heading .elementor-heading-title.elementor-size-xxl{font-size:59px}<\/style><h6 class=\"elementor-heading-title elementor-size-default\">EXHIBITING ARTISTS<\/h6>\t\t<\/div>\n\t\t\t\t<\/div>\n\t\t\t\t<div class=\"elementor-element elementor-element-61273bd elementor-grid-2 elementor-grid-tablet-2 elementor-grid-mobile-1 elementor-widget elementor-widget-portfolio\" data-id=\"61273bd\" data-element_type=\"widget\" data-settings=\"{&quot;item_ratio&quot;:{&quot;unit&quot;:&quot;px&quot;,&quot;size&quot;:0.57999999999999996003197111349436454474925994873046875,&quot;sizes&quot;:[]},&quot;row_gap&quot;:{&quot;unit&quot;:&quot;px&quot;,&quot;size&quot;:16,&quot;sizes&quot;:[]},&quot;columns&quot;:&quot;2&quot;,&quot;columns_tablet&quot;:&quot;2&quot;,&quot;columns_mobile&quot;:&quot;1&quot;,&quot;item_gap&quot;:{&quot;unit&quot;:&quot;px&quot;,&quot;size&quot;:&quot;&quot;,&quot;sizes&quot;:[]}}\" data-widget_type=\"portfolio.default\">\n\t\t\t\t<div class=\"elementor-widget-container\">\n\t\t\t<link rel=\"stylesheet\" href=\"https:\/\/sofiabernasconi.com\/wp-content\/plugins\/elementor-pro\/assets\/css\/widget-posts.min.css\">\t\t<div class=\"elementor-portfolio elementor-grid elementor-posts-container\">\n\t\t\t\t<article class=\"elementor-portfolio-item elementor-post elementor-filter-73 post-5605 portfolio type-portfolio status-publish has-post-thumbnail hentry portfolio_entries-cablerio-cuerpos-perifericos\">\n\t\t\t<a class=\"elementor-post__thumbnail__link\" href=\"https:\/\/sofiabernasconi.com\/en\/portfolio\/la-desprogramacion-c0ntr4sexual\/\">\n\t\t\t\t<div class=\"elementor-portfolio-item__img elementor-post__thumbnail\">\n\t\t\t<img loading=\"lazy\" decoding=\"async\" width=\"1707\" height=\"2560\" src=\"https:\/\/sofiabernasconi.com\/wp-content\/uploads\/2023\/07\/8-scaled.jpg\" class=\"attachment-full size-full wp-image-5615\" alt=\"\" srcset=\"https:\/\/sofiabernasconi.com\/wp-content\/uploads\/2023\/07\/8-scaled.jpg 1707w, https:\/\/sofiabernasconi.com\/wp-content\/uploads\/2023\/07\/8-200x300.jpg 200w, https:\/\/sofiabernasconi.com\/wp-content\/uploads\/2023\/07\/8-683x1024.jpg 683w, https:\/\/sofiabernasconi.com\/wp-content\/uploads\/2023\/07\/8-768x1152.jpg 768w, https:\/\/sofiabernasconi.com\/wp-content\/uploads\/2023\/07\/8-1024x1536.jpg 1024w, https:\/\/sofiabernasconi.com\/wp-content\/uploads\/2023\/07\/8-1365x2048.jpg 1365w\" sizes=\"auto, (max-width: 1707px) 100vw, 1707px\" \/>\t\t<\/div>\n\t\t\t\t<div class=\"elementor-portfolio-item__overlay\">\n\t\t\t\t<h3 class=\"elementor-portfolio-item__title\">\n\t\t\u201c(CONTR4)sexual Deprogramming\u201d by Mart\u00edn Rivas\t\t<\/h3>\n\t\t\t\t<\/div>\n\t\t\t\t<\/a>\n\t\t<\/article>\n\t\t\t\t<article class=\"elementor-portfolio-item elementor-post elementor-filter-73 post-5630 portfolio type-portfolio status-publish has-post-thumbnail hentry portfolio_entries-cablerio-cuerpos-perifericos\">\n\t\t\t<a class=\"elementor-post__thumbnail__link\" href=\"https:\/\/sofiabernasconi.com\/en\/portfolio\/co-relaciones-lokas-juanas\/\">\n\t\t\t\t<div class=\"elementor-portfolio-item__img elementor-post__thumbnail\">\n\t\t\t<img loading=\"lazy\" decoding=\"async\" width=\"1920\" height=\"1080\" src=\"https:\/\/sofiabernasconi.com\/wp-content\/uploads\/2023\/07\/1_PORTADA.jpg\" class=\"attachment-full size-full wp-image-5633\" alt=\"\" srcset=\"https:\/\/sofiabernasconi.com\/wp-content\/uploads\/2023\/07\/1_PORTADA.jpg 1920w, https:\/\/sofiabernasconi.com\/wp-content\/uploads\/2023\/07\/1_PORTADA-300x169.jpg 300w, https:\/\/sofiabernasconi.com\/wp-content\/uploads\/2023\/07\/1_PORTADA-1024x576.jpg 1024w, https:\/\/sofiabernasconi.com\/wp-content\/uploads\/2023\/07\/1_PORTADA-768x432.jpg 768w, https:\/\/sofiabernasconi.com\/wp-content\/uploads\/2023\/07\/1_PORTADA-1536x864.jpg 1536w\" sizes=\"auto, (max-width: 1920px) 100vw, 1920px\" \/>\t\t<\/div>\n\t\t\t\t<div class=\"elementor-portfolio-item__overlay\">\n\t\t\t\t<h3 class=\"elementor-portfolio-item__title\">\n\t\t\"CO-relations\" by Lokas Juanas\t\t<\/h3>\n\t\t\t\t<\/div>\n\t\t\t\t<\/a>\n\t\t<\/article>\n\t\t\t\t<article class=\"elementor-portfolio-item elementor-post elementor-filter-73 post-5687 portfolio type-portfolio status-publish has-post-thumbnail hentry portfolio_entries-cablerio-cuerpos-perifericos\">\n\t\t\t<a class=\"elementor-post__thumbnail__link\" href=\"https:\/\/sofiabernasconi.com\/en\/portfolio\/plataforma-minima\/\">\n\t\t\t\t<div class=\"elementor-portfolio-item__img elementor-post__thumbnail\">\n\t\t\t<img loading=\"lazy\" decoding=\"async\" width=\"1000\" height=\"968\" src=\"https:\/\/sofiabernasconi.com\/wp-content\/uploads\/2023\/07\/1_PORTADA.png\" class=\"attachment-full size-full wp-image-5689\" alt=\"\" srcset=\"https:\/\/sofiabernasconi.com\/wp-content\/uploads\/2023\/07\/1_PORTADA.png 1000w, https:\/\/sofiabernasconi.com\/wp-content\/uploads\/2023\/07\/1_PORTADA-300x290.png 300w, https:\/\/sofiabernasconi.com\/wp-content\/uploads\/2023\/07\/1_PORTADA-768x743.png 768w\" sizes=\"auto, (max-width: 1000px) 100vw, 1000px\" \/>\t\t<\/div>\n\t\t\t\t<div class=\"elementor-portfolio-item__overlay\">\n\t\t\t\t<h3 class=\"elementor-portfolio-item__title\">\n\t\tPlataforma M\u00ednima (\"Minimal Platform\")\t\t<\/h3>\n\t\t\t\t<\/div>\n\t\t\t\t<\/a>\n\t\t<\/article>\n\t\t\t\t<article class=\"elementor-portfolio-item elementor-post elementor-filter-73 post-5709 portfolio type-portfolio status-publish has-post-thumbnail hentry portfolio_entries-cablerio-cuerpos-perifericos\">\n\t\t\t<a class=\"elementor-post__thumbnail__link\" href=\"https:\/\/sofiabernasconi.com\/en\/portfolio\/antes-todo-esto-era-campo-de-cvxillo\/\">\n\t\t\t\t<div class=\"elementor-portfolio-item__img elementor-post__thumbnail\">\n\t\t\t<img loading=\"lazy\" decoding=\"async\" width=\"2560\" height=\"1707\" src=\"https:\/\/sofiabernasconi.com\/wp-content\/uploads\/2023\/07\/ATEEC_1-scaled.jpg\" class=\"attachment-full size-full wp-image-5712\" alt=\"\" srcset=\"https:\/\/sofiabernasconi.com\/wp-content\/uploads\/2023\/07\/ATEEC_1-scaled.jpg 2560w, https:\/\/sofiabernasconi.com\/wp-content\/uploads\/2023\/07\/ATEEC_1-300x200.jpg 300w, https:\/\/sofiabernasconi.com\/wp-content\/uploads\/2023\/07\/ATEEC_1-1024x683.jpg 1024w, https:\/\/sofiabernasconi.com\/wp-content\/uploads\/2023\/07\/ATEEC_1-768x512.jpg 768w, https:\/\/sofiabernasconi.com\/wp-content\/uploads\/2023\/07\/ATEEC_1-1536x1024.jpg 1536w, https:\/\/sofiabernasconi.com\/wp-content\/uploads\/2023\/07\/ATEEC_1-2048x1365.jpg 2048w\" sizes=\"auto, (max-width: 2560px) 100vw, 2560px\" \/>\t\t<\/div>\n\t\t\t\t<div class=\"elementor-portfolio-item__overlay\">\n\t\t\t\t<h3 class=\"elementor-portfolio-item__title\">\n\t\t\"This used to be all fields\" by CVXILLO\t\t<\/h3>\n\t\t\t\t<\/div>\n\t\t\t\t<\/a>\n\t\t<\/article>\n\t\t\t\t<\/div>\n\t\t\t\t<\/div>\n\t\t\t\t<\/div>\n\t\t\t\t\t<\/div>\n\t\t<\/div>\n\t\t\t\t\t\t\t<\/div>\n\t\t<\/section>\n\t\t\t\t<section class=\"elementor-section elementor-top-section elementor-element elementor-element-e7b175a elementor-section-boxed elementor-section-height-default elementor-section-height-default\" data-id=\"e7b175a\" data-element_type=\"section\" data-settings=\"{&quot;background_background&quot;:&quot;classic&quot;}\">\n\t\t\t\t\t\t\t<div class=\"elementor-background-overlay\"><\/div>\n\t\t\t\t\t\t\t<div class=\"elementor-container elementor-column-gap-default\">\n\t\t\t\t\t<div class=\"elementor-column elementor-col-100 elementor-top-column elementor-element elementor-element-f8cb2d9\" data-id=\"f8cb2d9\" data-element_type=\"column\" data-settings=\"{&quot;background_background&quot;:&quot;classic&quot;,&quot;background_motion_fx_motion_fx_scrolling&quot;:&quot;yes&quot;,&quot;background_motion_fx_devices&quot;:[&quot;desktop&quot;,&quot;tablet&quot;,&quot;mobile&quot;]}\">\n\t\t\t<div class=\"elementor-widget-wrap elementor-element-populated\">\n\t\t\t\t\t<div class=\"elementor-background-overlay\"><\/div>\n\t\t\t\t\t\t\t\t<section class=\"elementor-section elementor-inner-section elementor-element elementor-element-44613ab elementor-section-content-middle elementor-section-boxed elementor-section-height-default elementor-section-height-default\" data-id=\"44613ab\" data-element_type=\"section\">\n\t\t\t\t\t\t<div class=\"elementor-container elementor-column-gap-default\">\n\t\t\t\t\t<div class=\"elementor-column elementor-col-50 elementor-inner-column elementor-element elementor-element-8ab47a6\" data-id=\"8ab47a6\" data-element_type=\"column\">\n\t\t\t<div class=\"elementor-widget-wrap\">\n\t\t\t\t\t\t\t\t\t<\/div>\n\t\t<\/div>\n\t\t\t\t<div class=\"elementor-column elementor-col-50 elementor-inner-column elementor-element elementor-element-e01a125\" data-id=\"e01a125\" data-element_type=\"column\">\n\t\t\t<div class=\"elementor-widget-wrap elementor-element-populated\">\n\t\t\t\t\t\t\t\t<div class=\"elementor-element elementor-element-5063ce7 elementor-widget__width-initial elementor-widget elementor-widget-heading\" data-id=\"5063ce7\" data-element_type=\"widget\" data-widget_type=\"heading.default\">\n\t\t\t\t<div class=\"elementor-widget-container\">\n\t\t\t<h2 class=\"elementor-heading-title elementor-size-default\">Download fanzine.<\/h2>\t\t<\/div>\n\t\t\t\t<\/div>\n\t\t\t\t<div class=\"elementor-element elementor-element-5356947 elementor-align-left elementor-widget elementor-widget-button\" data-id=\"5356947\" data-element_type=\"widget\" data-widget_type=\"button.default\">\n\t\t\t\t<div class=\"elementor-widget-container\">\n\t\t\t\t\t<div class=\"elementor-button-wrapper\">\n\t\t\t<a class=\"elementor-button elementor-button-link elementor-size-sm\" href=\"https:\/\/sofiabernasconi.com\/wp-content\/uploads\/2023\/07\/Fanzine-69-ORDENADO.pdf\" target=\"_blank\" rel=\"nofollow\">\n\t\t\t\t\t\t<span class=\"elementor-button-content-wrapper\">\n\t\t\t\t\t\t<span class=\"elementor-button-icon elementor-align-icon-right\">\n\t\t\t\t<i aria-hidden=\"true\" class=\"feather  feather-arrow-right\"><\/i>\t\t\t<\/span>\n\t\t\t\t\t\t<span class=\"elementor-button-text\">Downloade here<\/span>\n\t\t<\/span>\n\t\t\t\t\t<\/a>\n\t\t<\/div>\n\t\t\t\t<\/div>\n\t\t\t\t<\/div>\n\t\t\t\t\t<\/div>\n\t\t<\/div>\n\t\t\t\t\t\t\t<\/div>\n\t\t<\/section>\n\t\t\t\t\t<\/div>\n\t\t<\/div>\n\t\t\t\t\t\t\t<\/div>\n\t\t<\/section>\n\t\t\t\t<section class=\"elementor-section elementor-top-section elementor-element elementor-element-5eb4954 elementor-section-stretched elementor-section-boxed elementor-section-height-default elementor-section-height-default\" data-id=\"5eb4954\" data-element_type=\"section\" data-settings=\"{&quot;stretch_section&quot;:&quot;section-stretched&quot;,&quot;background_background&quot;:&quot;classic&quot;}\">\n\t\t\t\t\t\t<div class=\"elementor-container elementor-column-gap-default\">\n\t\t\t\t\t<div class=\"elementor-column elementor-col-100 elementor-top-column elementor-element elementor-element-1b4c781\" data-id=\"1b4c781\" data-element_type=\"column\">\n\t\t\t<div class=\"elementor-widget-wrap\">\n\t\t\t\t\t\t\t\t\t<\/div>\n\t\t<\/div>\n\t\t\t\t\t\t\t<\/div>\n\t\t<\/section>\n\t\t\t\t\t\t\t<\/div>","protected":false},"excerpt":{"rendered":"<p>Cabler\u00edo, cuerpos perif\u00e9ricos es una exposici\u00f3n grupal que re\u00fane obras de diferentes artistas y colectivos que reflexionan en torno a cuerpo y tecnolog\u00eda desde una mirada h\u00edbrida, abordando conceptos cyborg y transhumanistas.La muestra se conforma por instalaciones, performance, videodanza, videoinstalaciones [&hellip;]<\/p>","protected":false},"author":1,"featured_media":0,"parent":0,"menu_order":0,"comment_status":"closed","ping_status":"closed","template":"","meta":{"footnotes":""},"class_list":["post-5779","page","type-page","status-publish","hentry"],"_links":{"self":[{"href":"https:\/\/sofiabernasconi.com\/en\/wp-json\/wp\/v2\/pages\/5779","targetHints":{"allow":["GET"]}}],"collection":[{"href":"https:\/\/sofiabernasconi.com\/en\/wp-json\/wp\/v2\/pages"}],"about":[{"href":"https:\/\/sofiabernasconi.com\/en\/wp-json\/wp\/v2\/types\/page"}],"author":[{"embeddable":true,"href":"https:\/\/sofiabernasconi.com\/en\/wp-json\/wp\/v2\/users\/1"}],"replies":[{"embeddable":true,"href":"https:\/\/sofiabernasconi.com\/en\/wp-json\/wp\/v2\/comments?post=5779"}],"version-history":[{"count":52,"href":"https:\/\/sofiabernasconi.com\/en\/wp-json\/wp\/v2\/pages\/5779\/revisions"}],"predecessor-version":[{"id":7904,"href":"https:\/\/sofiabernasconi.com\/en\/wp-json\/wp\/v2\/pages\/5779\/revisions\/7904"}],"wp:attachment":[{"href":"https:\/\/sofiabernasconi.com\/en\/wp-json\/wp\/v2\/media?parent=5779"}],"curies":[{"name":"wp","href":"https:\/\/api.w.org\/{rel}","templated":true}]}}