{"id":4687,"date":"2023-07-07T01:37:59","date_gmt":"2023-07-07T01:37:59","guid":{"rendered":"https:\/\/sofiabernasconi.com\/?page_id=4687"},"modified":"2023-12-01T04:15:39","modified_gmt":"2023-12-01T04:15:39","slug":"distinciones","status":"publish","type":"page","link":"https:\/\/sofiabernasconi.com\/en\/distinciones\/","title":{"rendered":"Distinctions"},"content":{"rendered":"<div data-elementor-type=\"wp-page\" data-elementor-id=\"4687\" class=\"elementor elementor-4687\">\n\t\t\t\t\t\t\t\t\t<section class=\"elementor-section elementor-top-section elementor-element elementor-element-7b70c956 elementor-section-content-middle elementor-section-boxed elementor-section-height-default elementor-section-height-default\" data-id=\"7b70c956\" data-element_type=\"section\" data-settings=\"{&quot;background_background&quot;:&quot;classic&quot;}\">\n\t\t\t\t\t\t<div class=\"elementor-container elementor-column-gap-no\">\n\t\t\t\t\t<div class=\"elementor-column elementor-col-100 elementor-top-column elementor-element elementor-element-a51c31f\" data-id=\"a51c31f\" data-element_type=\"column\">\n\t\t\t<div class=\"elementor-widget-wrap elementor-element-populated\">\n\t\t\t\t\t\t\t\t<div class=\"elementor-element elementor-element-af24ed5 elementor-widget elementor-widget-page-title\" data-id=\"af24ed5\" data-element_type=\"widget\" data-widget_type=\"page-title.default\">\n\t\t\t\t<div class=\"elementor-widget-container\">\n\t\t\t\t\t\n\t\t<div class=\"ce-page-title ce-page-title-wrapper elementor-widget-heading\">\n\t\t\t\t\t\t\t\t\t<a href=\"https:\/\/sofiabernasconi.com\/en\">\n\t\t\t\t\t\t<h2 class=\"elementor-heading-title elementor-size-default\">\n\t\t\t\t\t\t\t\t\n\t\t\t\t\n\t\t\t\tDistinctions\n\t\t\t\t  \n\t\t\t<\/h2> \n\t\t\t<\/a>    \n\t\t<\/div>\n\t\t\t\t<\/div>\n\t\t\t\t<\/div>\n\t\t\t\t<div class=\"elementor-element elementor-element-28e0aaf elementor-widget__width-initial elementor-widget-mobile__width-initial elementor-widget elementor-widget-text-editor\" data-id=\"28e0aaf\" data-element_type=\"widget\" data-widget_type=\"text-editor.default\">\n\t\t\t\t<div class=\"elementor-widget-container\">\n\t\t\t<style>\/*! elementor - v3.15.0 - 31-07-2023 *\/\n.elementor-widget-text-editor.elementor-drop-cap-view-stacked .elementor-drop-cap{background-color:#69727d;color:#fff}.elementor-widget-text-editor.elementor-drop-cap-view-framed .elementor-drop-cap{color:#69727d;border:3px solid;background-color:transparent}.elementor-widget-text-editor:not(.elementor-drop-cap-view-default) .elementor-drop-cap{margin-top:8px}.elementor-widget-text-editor:not(.elementor-drop-cap-view-default) .elementor-drop-cap-letter{width:1em;height:1em}.elementor-widget-text-editor .elementor-drop-cap{float:left;text-align:center;line-height:1;font-size:50px}.elementor-widget-text-editor .elementor-drop-cap-letter{display:inline-block}<\/style>\t\t\t\t<ul>\n<li><span style=\"font-weight: 400;\">Winner of the <a href=\"http:\/\/premiosceres.cl\/m-inicio2020\/\" target=\"_blank\" rel=\"noopener\"><strong>2020 Ceres Awards<\/strong><\/a> in <strong>Audiovisual Fiction<\/strong> category with the short-documentary \"<a href=\"https:\/\/sofiabernasconi.com\/en\/portfolio\/deshilacha\/\" target=\"_blank\" rel=\"noopener\"><strong>Unravel<\/strong><\/a>\", a work that, in a fictionalised, experimental and voiceless narrative, explores the spinning mill building of the abandoned Bellavista Oveja Tom\u00e9 textile factory, considered a National Monument.<\/span><\/li>\n<\/ul>\n<ul>\n<li><span style=\"font-weight: 400;\">Selected in the contest <\/span><span style=\"font-weight: 400;\">&#8220;<strong><a href=\"https:\/\/mavi.uc.cl\/exposiciones-actuales\/exposicion-colectiva-xvi-premio-mavi-uc-larrainvial-arte-joven-2023\/\" target=\"_blank\" rel=\"noopener\">Premio MAVI Arte Joven U<\/a>C<\/strong>\" 2023 with the work \"<a href=\"https:\/\/sofiabernasconi.com\/en\/portfolio\/tambien-somos-una-cortina-de-cordeles\/\" target=\"_blank\" rel=\"noopener\"><strong>We also are a curtain of strings<\/strong><\/a>\", which was exhibited at the Museum of Visual Arts (MAVI) between June and September 2023.\"<\/span><\/li>\n<li>Selected in the Bio Bio Cine Training Lab with her short film project \"Nook\", an ode to the Alessandri Commercial Gallery in Concepci\u00f3n.<\/li>\n<\/ul>\t\t\t\t\t\t<\/div>\n\t\t\t\t<\/div>\n\t\t\t\t\t<\/div>\n\t\t<\/div>\n\t\t\t\t\t\t\t<\/div>\n\t\t<\/section>\n\t\t\t\t\t\t\t<\/div>","protected":false},"excerpt":{"rendered":"<p>Distinciones Ganadora de Premios Ceres 2020 categor\u00eda Audiovisual Ficci\u00f3n con cortometraje-documental \u201cDeshilacha\u201d, obra que, en una narrativa ficcionada, experimental y sin voz, explora el edificio de hilander\u00eda de la abandonada f\u00e1brica textil Bellavista Oveja Tom\u00e9, considerada Monumento Nacional. Seleccionada en [&hellip;]<\/p>","protected":false},"author":1,"featured_media":0,"parent":0,"menu_order":0,"comment_status":"closed","ping_status":"closed","template":"","meta":{"footnotes":""},"class_list":["post-4687","page","type-page","status-publish","hentry"],"_links":{"self":[{"href":"https:\/\/sofiabernasconi.com\/en\/wp-json\/wp\/v2\/pages\/4687","targetHints":{"allow":["GET"]}}],"collection":[{"href":"https:\/\/sofiabernasconi.com\/en\/wp-json\/wp\/v2\/pages"}],"about":[{"href":"https:\/\/sofiabernasconi.com\/en\/wp-json\/wp\/v2\/types\/page"}],"author":[{"embeddable":true,"href":"https:\/\/sofiabernasconi.com\/en\/wp-json\/wp\/v2\/users\/1"}],"replies":[{"embeddable":true,"href":"https:\/\/sofiabernasconi.com\/en\/wp-json\/wp\/v2\/comments?post=4687"}],"version-history":[{"count":37,"href":"https:\/\/sofiabernasconi.com\/en\/wp-json\/wp\/v2\/pages\/4687\/revisions"}],"predecessor-version":[{"id":8082,"href":"https:\/\/sofiabernasconi.com\/en\/wp-json\/wp\/v2\/pages\/4687\/revisions\/8082"}],"wp:attachment":[{"href":"https:\/\/sofiabernasconi.com\/en\/wp-json\/wp\/v2\/media?parent=4687"}],"curies":[{"name":"wp","href":"https:\/\/api.w.org\/{rel}","templated":true}]}}