{"id":4415,"date":"2023-07-05T22:54:54","date_gmt":"2023-07-05T22:54:54","guid":{"rendered":"https:\/\/sofiabernasconi.com\/?page_id=4415"},"modified":"2024-03-12T02:50:56","modified_gmt":"2024-03-12T02:50:56","slug":"videinstalacion","status":"publish","type":"page","link":"https:\/\/sofiabernasconi.com\/en\/videinstalacion\/","title":{"rendered":"Video installation"},"content":{"rendered":"<div data-elementor-type=\"wp-page\" data-elementor-id=\"4415\" class=\"elementor elementor-4415\">\n\t\t\t\t\t\t\t\t\t<section class=\"elementor-section elementor-top-section elementor-element elementor-element-7b70c956 elementor-section-content-middle elementor-section-boxed elementor-section-height-default elementor-section-height-default\" data-id=\"7b70c956\" data-element_type=\"section\" data-settings=\"{&quot;background_background&quot;:&quot;classic&quot;}\">\n\t\t\t\t\t\t<div class=\"elementor-container elementor-column-gap-no\">\n\t\t\t\t\t<div class=\"elementor-column elementor-col-100 elementor-top-column elementor-element elementor-element-a51c31f\" data-id=\"a51c31f\" data-element_type=\"column\">\n\t\t\t<div class=\"elementor-widget-wrap elementor-element-populated\">\n\t\t\t\t\t\t\t\t<div class=\"elementor-element elementor-element-88a1702 elementor-widget__width-initial elementor-widget elementor-widget-text-editor\" data-id=\"88a1702\" data-element_type=\"widget\" data-widget_type=\"text-editor.default\">\n\t\t\t\t<div class=\"elementor-widget-container\">\n\t\t\t<style>\/*! elementor - v3.15.0 - 31-07-2023 *\/\n.elementor-widget-text-editor.elementor-drop-cap-view-stacked .elementor-drop-cap{background-color:#69727d;color:#fff}.elementor-widget-text-editor.elementor-drop-cap-view-framed .elementor-drop-cap{color:#69727d;border:3px solid;background-color:transparent}.elementor-widget-text-editor:not(.elementor-drop-cap-view-default) .elementor-drop-cap{margin-top:8px}.elementor-widget-text-editor:not(.elementor-drop-cap-view-default) .elementor-drop-cap-letter{width:1em;height:1em}.elementor-widget-text-editor .elementor-drop-cap{float:left;text-align:center;line-height:1;font-size:50px}.elementor-widget-text-editor .elementor-drop-cap-letter{display:inline-block}<\/style>\t\t\t\tVideo works that move in the language of new media through diverse supports, objects, materials and technologies. In this field, the artist has developed works that reflect on body and technology from a hybrid perspective and addressing ideas of cyborg transhumanism.\t\t\t\t\t\t<\/div>\n\t\t\t\t<\/div>\n\t\t\t\t<div class=\"elementor-element elementor-element-0b25784 elementor-grid-3 elementor-grid-tablet-2 elementor-grid-mobile-1 elementor-widget elementor-widget-portfolio\" data-id=\"0b25784\" data-element_type=\"widget\" data-settings=\"{&quot;item_ratio&quot;:{&quot;unit&quot;:&quot;px&quot;,&quot;size&quot;:0.57999999999999996003197111349436454474925994873046875,&quot;sizes&quot;:[]},&quot;row_gap&quot;:{&quot;unit&quot;:&quot;px&quot;,&quot;size&quot;:16,&quot;sizes&quot;:[]},&quot;columns&quot;:&quot;3&quot;,&quot;columns_tablet&quot;:&quot;2&quot;,&quot;columns_mobile&quot;:&quot;1&quot;,&quot;item_gap&quot;:{&quot;unit&quot;:&quot;px&quot;,&quot;size&quot;:&quot;&quot;,&quot;sizes&quot;:[]}}\" data-widget_type=\"portfolio.default\">\n\t\t\t\t<div class=\"elementor-widget-container\">\n\t\t\t<link rel=\"stylesheet\" href=\"https:\/\/sofiabernasconi.com\/wp-content\/plugins\/elementor-pro\/assets\/css\/widget-posts.min.css\">\t\t<div class=\"elementor-portfolio elementor-grid elementor-posts-container\">\n\t\t\t\t<article class=\"elementor-portfolio-item elementor-post elementor-filter-54 post-636 portfolio type-portfolio status-publish has-post-thumbnail hentry portfolio_entries-videoinstalacion\">\n\t\t\t<a class=\"elementor-post__thumbnail__link\" href=\"https:\/\/sofiabernasconi.com\/en\/portfolio\/tensiones\/\">\n\t\t\t\t<div class=\"elementor-portfolio-item__img elementor-post__thumbnail\">\n\t\t\t<img loading=\"lazy\" decoding=\"async\" width=\"2560\" height=\"1696\" src=\"https:\/\/sofiabernasconi.com\/wp-content\/uploads\/2020\/03\/PORTADA-AL_VACIO-scaled.jpg\" class=\"attachment-full size-full wp-image-4468\" alt=\"\" srcset=\"https:\/\/sofiabernasconi.com\/wp-content\/uploads\/2020\/03\/PORTADA-AL_VACIO-scaled.jpg 2560w, https:\/\/sofiabernasconi.com\/wp-content\/uploads\/2020\/03\/PORTADA-AL_VACIO-300x199.jpg 300w, https:\/\/sofiabernasconi.com\/wp-content\/uploads\/2020\/03\/PORTADA-AL_VACIO-1024x678.jpg 1024w, https:\/\/sofiabernasconi.com\/wp-content\/uploads\/2020\/03\/PORTADA-AL_VACIO-768x509.jpg 768w, https:\/\/sofiabernasconi.com\/wp-content\/uploads\/2020\/03\/PORTADA-AL_VACIO-1536x1017.jpg 1536w, https:\/\/sofiabernasconi.com\/wp-content\/uploads\/2020\/03\/PORTADA-AL_VACIO-2048x1356.jpg 2048w, https:\/\/sofiabernasconi.com\/wp-content\/uploads\/2020\/03\/PORTADA-AL_VACIO-740x490.jpg 740w\" sizes=\"auto, (max-width: 2560px) 100vw, 2560px\" \/>\t\t<\/div>\n\t\t\t\t<div class=\"elementor-portfolio-item__overlay\">\n\t\t\t\t<h3 class=\"elementor-portfolio-item__title\">\n\t\tTensiones\t\t<\/h3>\n\t\t\t\t<\/div>\n\t\t\t\t<\/a>\n\t\t<\/article>\n\t\t\t\t<article class=\"elementor-portfolio-item elementor-post elementor-filter-55 elementor-filter-54 post-4865 portfolio type-portfolio status-publish has-post-thumbnail hentry portfolio_entries-obras portfolio_entries-videoinstalacion\">\n\t\t\t<a class=\"elementor-post__thumbnail__link\" href=\"https:\/\/sofiabernasconi.com\/en\/portfolio\/tambien-somos-una-cortina-de-cordeles\/\">\n\t\t\t\t<div class=\"elementor-portfolio-item__img elementor-post__thumbnail\">\n\t\t\t<img loading=\"lazy\" decoding=\"async\" width=\"2560\" height=\"1707\" src=\"https:\/\/sofiabernasconi.com\/wp-content\/uploads\/2023\/07\/TSUCDC_6-scaled.jpg\" class=\"attachment-full size-full wp-image-4887\" alt=\"\" srcset=\"https:\/\/sofiabernasconi.com\/wp-content\/uploads\/2023\/07\/TSUCDC_6-scaled.jpg 2560w, https:\/\/sofiabernasconi.com\/wp-content\/uploads\/2023\/07\/TSUCDC_6-300x200.jpg 300w, https:\/\/sofiabernasconi.com\/wp-content\/uploads\/2023\/07\/TSUCDC_6-1024x683.jpg 1024w, https:\/\/sofiabernasconi.com\/wp-content\/uploads\/2023\/07\/TSUCDC_6-768x512.jpg 768w, https:\/\/sofiabernasconi.com\/wp-content\/uploads\/2023\/07\/TSUCDC_6-1536x1024.jpg 1536w, https:\/\/sofiabernasconi.com\/wp-content\/uploads\/2023\/07\/TSUCDC_6-2048x1365.jpg 2048w\" sizes=\"auto, (max-width: 2560px) 100vw, 2560px\" \/>\t\t<\/div>\n\t\t\t\t<div class=\"elementor-portfolio-item__overlay\">\n\t\t\t\t<h3 class=\"elementor-portfolio-item__title\">\n\t\tWe also are a curtain of strings\t\t<\/h3>\n\t\t\t\t<\/div>\n\t\t\t\t<\/a>\n\t\t<\/article>\n\t\t\t\t<article class=\"elementor-portfolio-item elementor-post elementor-filter-55 elementor-filter-54 post-4955 portfolio type-portfolio status-publish has-post-thumbnail hentry portfolio_entries-obras portfolio_entries-videoinstalacion\">\n\t\t\t<a class=\"elementor-post__thumbnail__link\" href=\"https:\/\/sofiabernasconi.com\/en\/portfolio\/sumersiones\/\">\n\t\t\t\t<div class=\"elementor-portfolio-item__img elementor-post__thumbnail\">\n\t\t\t<img loading=\"lazy\" decoding=\"async\" width=\"2560\" height=\"1707\" src=\"https:\/\/sofiabernasconi.com\/wp-content\/uploads\/2023\/07\/SUMERSIONES_2-1-scaled.jpg\" class=\"attachment-full size-full wp-image-4968\" alt=\"\" srcset=\"https:\/\/sofiabernasconi.com\/wp-content\/uploads\/2023\/07\/SUMERSIONES_2-1-scaled.jpg 2560w, https:\/\/sofiabernasconi.com\/wp-content\/uploads\/2023\/07\/SUMERSIONES_2-1-300x200.jpg 300w, https:\/\/sofiabernasconi.com\/wp-content\/uploads\/2023\/07\/SUMERSIONES_2-1-1024x683.jpg 1024w, https:\/\/sofiabernasconi.com\/wp-content\/uploads\/2023\/07\/SUMERSIONES_2-1-768x512.jpg 768w, https:\/\/sofiabernasconi.com\/wp-content\/uploads\/2023\/07\/SUMERSIONES_2-1-1536x1024.jpg 1536w, https:\/\/sofiabernasconi.com\/wp-content\/uploads\/2023\/07\/SUMERSIONES_2-1-2048x1365.jpg 2048w\" sizes=\"auto, (max-width: 2560px) 100vw, 2560px\" \/>\t\t<\/div>\n\t\t\t\t<div class=\"elementor-portfolio-item__overlay\">\n\t\t\t\t<h3 class=\"elementor-portfolio-item__title\">\n\t\tSumersions\t\t<\/h3>\n\t\t\t\t<\/div>\n\t\t\t\t<\/a>\n\t\t<\/article>\n\t\t\t\t<\/div>\n\t\t\t\t<\/div>\n\t\t\t\t<\/div>\n\t\t\t\t<div class=\"elementor-element elementor-element-579e396 elementor-align-center elementor-widget elementor-widget-button\" data-id=\"579e396\" data-element_type=\"widget\" data-widget_type=\"button.default\">\n\t\t\t\t<div class=\"elementor-widget-container\">\n\t\t\t\t\t<div class=\"elementor-button-wrapper\">\n\t\t\t<a class=\"elementor-button elementor-button-link elementor-size-sm elementor-animation-grow\" href=\"https:\/\/sofiabernasconi.com\/en\/obras\/\">\n\t\t\t\t\t\t<span class=\"elementor-button-content-wrapper\">\n\t\t\t\t\t\t<span class=\"elementor-button-text\">See all works<\/span>\n\t\t<\/span>\n\t\t\t\t\t<\/a>\n\t\t<\/div>\n\t\t\t\t<\/div>\n\t\t\t\t<\/div>\n\t\t\t\t\t<\/div>\n\t\t<\/div>\n\t\t\t\t\t\t\t<\/div>\n\t\t<\/section>\n\t\t\t\t<section class=\"elementor-section elementor-top-section elementor-element elementor-element-13e3cd4 elementor-section-boxed elementor-section-height-default elementor-section-height-default\" data-id=\"13e3cd4\" data-element_type=\"section\" data-settings=\"{&quot;background_background&quot;:&quot;classic&quot;}\">\n\t\t\t\t\t\t\t<div class=\"elementor-background-overlay\"><\/div>\n\t\t\t\t\t\t\t<div class=\"elementor-container elementor-column-gap-default\">\n\t\t\t\t\t<div class=\"elementor-column elementor-col-100 elementor-top-column elementor-element elementor-element-39e10fa\" data-id=\"39e10fa\" data-element_type=\"column\" data-settings=\"{&quot;background_background&quot;:&quot;classic&quot;,&quot;background_motion_fx_motion_fx_scrolling&quot;:&quot;yes&quot;,&quot;background_motion_fx_devices&quot;:[&quot;desktop&quot;,&quot;tablet&quot;,&quot;mobile&quot;]}\">\n\t\t\t<div class=\"elementor-widget-wrap elementor-element-populated\">\n\t\t\t\t\t<div class=\"elementor-background-overlay\"><\/div>\n\t\t\t\t\t\t\t\t<section class=\"elementor-section elementor-inner-section elementor-element elementor-element-24ff4a1 elementor-section-content-middle elementor-section-boxed elementor-section-height-default elementor-section-height-default\" data-id=\"24ff4a1\" data-element_type=\"section\">\n\t\t\t\t\t\t<div class=\"elementor-container elementor-column-gap-default\">\n\t\t\t\t\t<div class=\"elementor-column elementor-col-50 elementor-inner-column elementor-element elementor-element-7b8ca0c\" data-id=\"7b8ca0c\" data-element_type=\"column\">\n\t\t\t<div class=\"elementor-widget-wrap\">\n\t\t\t\t\t\t\t\t\t<\/div>\n\t\t<\/div>\n\t\t\t\t<div class=\"elementor-column elementor-col-50 elementor-inner-column elementor-element elementor-element-172c7a9\" data-id=\"172c7a9\" data-element_type=\"column\">\n\t\t\t<div class=\"elementor-widget-wrap elementor-element-populated\">\n\t\t\t\t\t\t\t\t<div class=\"elementor-element elementor-element-cfb6f54 elementor-widget__width-initial elementor-widget elementor-widget-heading\" data-id=\"cfb6f54\" data-element_type=\"widget\" data-widget_type=\"heading.default\">\n\t\t\t\t<div class=\"elementor-widget-container\">\n\t\t\t<style>\/*! elementor - v3.15.0 - 31-07-2023 *\/\n.elementor-heading-title{padding:0;margin:0;line-height:1}.elementor-widget-heading .elementor-heading-title[class*=elementor-size-]>a{color:inherit;font-size:inherit;line-height:inherit}.elementor-widget-heading .elementor-heading-title.elementor-size-small{font-size:15px}.elementor-widget-heading .elementor-heading-title.elementor-size-medium{font-size:19px}.elementor-widget-heading .elementor-heading-title.elementor-size-large{font-size:29px}.elementor-widget-heading .elementor-heading-title.elementor-size-xl{font-size:39px}.elementor-widget-heading .elementor-heading-title.elementor-size-xxl{font-size:59px}<\/style><h2 class=\"elementor-heading-title elementor-size-default\">Download my portfolio here.<\/h2>\t\t<\/div>\n\t\t\t\t<\/div>\n\t\t\t\t<div class=\"elementor-element elementor-element-0daef1a elementor-widget__width-initial elementor-widget elementor-widget-text-editor\" data-id=\"0daef1a\" data-element_type=\"widget\" data-widget_type=\"text-editor.default\">\n\t\t\t\t<div class=\"elementor-widget-container\">\n\t\t\t\t\t\t\tVisual artist, audiovisual producer, art curator.\t\t\t\t\t\t<\/div>\n\t\t\t\t<\/div>\n\t\t\t\t\t<\/div>\n\t\t<\/div>\n\t\t\t\t\t\t\t<\/div>\n\t\t<\/section>\n\t\t\t\t<div class=\"elementor-element elementor-element-ecad485 elementor-align-center elementor-widget elementor-widget-button\" data-id=\"ecad485\" data-element_type=\"widget\" data-widget_type=\"button.default\">\n\t\t\t\t<div class=\"elementor-widget-container\">\n\t\t\t\t\t<div class=\"elementor-button-wrapper\">\n\t\t\t<a class=\"elementor-button elementor-button-link elementor-size-sm\" href=\"https:\/\/drive.google.com\/drive\/folders\/1ilcO0Aa9uaxHrcKZ_UQ5LpTw29uuLUW4?usp=sharing\" target=\"_blank\" rel=\"nofollow\">\n\t\t\t\t\t\t<span class=\"elementor-button-content-wrapper\">\n\t\t\t\t\t\t<span class=\"elementor-button-icon elementor-align-icon-right\">\n\t\t\t\t<i aria-hidden=\"true\" class=\"feather  feather-arrow-right\"><\/i>\t\t\t<\/span>\n\t\t\t\t\t\t<span class=\"elementor-button-text\">Portafolio 2024<\/span>\n\t\t<\/span>\n\t\t\t\t\t<\/a>\n\t\t<\/div>\n\t\t\t\t<\/div>\n\t\t\t\t<\/div>\n\t\t\t\t\t<\/div>\n\t\t<\/div>\n\t\t\t\t\t\t\t<\/div>\n\t\t<\/section>\n\t\t\t\t<section class=\"elementor-section elementor-top-section elementor-element elementor-element-2bcc33b elementor-section-stretched elementor-section-boxed elementor-section-height-default elementor-section-height-default\" data-id=\"2bcc33b\" data-element_type=\"section\" data-settings=\"{&quot;stretch_section&quot;:&quot;section-stretched&quot;,&quot;background_background&quot;:&quot;classic&quot;}\">\n\t\t\t\t\t\t<div class=\"elementor-container elementor-column-gap-default\">\n\t\t\t\t\t<div class=\"elementor-column elementor-col-100 elementor-top-column elementor-element elementor-element-2260e4b\" data-id=\"2260e4b\" data-element_type=\"column\">\n\t\t\t<div class=\"elementor-widget-wrap\">\n\t\t\t\t\t\t\t\t\t<\/div>\n\t\t<\/div>\n\t\t\t\t\t\t\t<\/div>\n\t\t<\/section>\n\t\t\t\t\t\t\t<\/div>","protected":false},"excerpt":{"rendered":"<p>Obras de video que se mueven en el lenguaje de los nuevos medios a trav\u00e9s de soportes, objetos, materiales y tecnolog\u00edas diversas. En este campo, la artista ha desarrollado obras que reflexionan en torno a cuerpo y tecnolog\u00eda desde una [&hellip;]<\/p>","protected":false},"author":1,"featured_media":0,"parent":0,"menu_order":0,"comment_status":"closed","ping_status":"closed","template":"","meta":{"footnotes":""},"class_list":["post-4415","page","type-page","status-publish","hentry"],"_links":{"self":[{"href":"https:\/\/sofiabernasconi.com\/en\/wp-json\/wp\/v2\/pages\/4415","targetHints":{"allow":["GET"]}}],"collection":[{"href":"https:\/\/sofiabernasconi.com\/en\/wp-json\/wp\/v2\/pages"}],"about":[{"href":"https:\/\/sofiabernasconi.com\/en\/wp-json\/wp\/v2\/types\/page"}],"author":[{"embeddable":true,"href":"https:\/\/sofiabernasconi.com\/en\/wp-json\/wp\/v2\/users\/1"}],"replies":[{"embeddable":true,"href":"https:\/\/sofiabernasconi.com\/en\/wp-json\/wp\/v2\/comments?post=4415"}],"version-history":[{"count":58,"href":"https:\/\/sofiabernasconi.com\/en\/wp-json\/wp\/v2\/pages\/4415\/revisions"}],"predecessor-version":[{"id":8195,"href":"https:\/\/sofiabernasconi.com\/en\/wp-json\/wp\/v2\/pages\/4415\/revisions\/8195"}],"wp:attachment":[{"href":"https:\/\/sofiabernasconi.com\/en\/wp-json\/wp\/v2\/media?parent=4415"}],"curies":[{"name":"wp","href":"https:\/\/api.w.org\/{rel}","templated":true}]}}